{"id":2,"date":"2023-03-28T04:48:39","date_gmt":"2023-03-28T04:48:39","guid":{"rendered":"https:\/\/rjmguatemala.org\/?page_id=2"},"modified":"2023-04-20T04:01:47","modified_gmt":"2023-04-20T04:01:47","slug":"sample-page","status":"publish","type":"page","link":"https:\/\/rjmguatemala.org\/index.php\/sample-page\/","title":{"rendered":"NOSOTROS"},"content":{"rendered":"\t\t<div data-elementor-type=\"wp-page\" data-elementor-id=\"2\" class=\"elementor elementor-2\">\n\t\t\t\t\t\t<section class=\"elementor-section elementor-top-section elementor-element elementor-element-6153cc83 elementor-section-boxed elementor-section-height-default elementor-section-height-default\" data-id=\"6153cc83\" data-element_type=\"section\">\n\t\t\t\t\t\t<div class=\"elementor-container elementor-column-gap-default\">\n\t\t\t\t\t<div class=\"elementor-column elementor-col-100 elementor-top-column elementor-element elementor-element-4378c9f9\" data-id=\"4378c9f9\" data-element_type=\"column\">\n\t\t\t<div class=\"elementor-widget-wrap elementor-element-populated\">\n\t\t\t\t\t\t<div class=\"elementor-element elementor-element-e9b9e3 elementor-widget elementor-widget-text-editor\" data-id=\"e9b9e3\" data-element_type=\"widget\" data-widget_type=\"text-editor.default\">\n\t\t\t\t<div class=\"elementor-widget-container\">\n\t\t\t\t\t\t\t\t\t<p><\/p>\n<p>La Red Jesuita con Migrantes de Guatemala (RJM) es una articulaci\u00f3n de instituciones de la Compa\u00f1\u00eda de Jes\u00fas que promueve el trabajo comprometido con las personas migrantes, desplazadas, refugiadas y sus familiares; as\u00ed como con otros actores de cambio en la defensa de los derechos de las personas migrantes en los pa\u00edses de origen, tr\u00e1nsito, destino y retorno.<\/p>\n<p>En la actualidad la RJM Guatemala se encuentra integrada por: Universidad Rafael Land\u00edvar, Fe y Alegr\u00eda, Proyecto biprovincial en Frontera Comalapa (Chiapas), Parroquia La Natividad de la Virgen (Santa Mar\u00eda Chiquimula, Totonicap\u00e1n), Parroquia San Antonio de Padua (ciudad de Guatemala), Asociaci\u00f3n de Desarrollo Social de Ixc\u00e1n (ADESI, Ixc\u00e1n, Quich\u00e9); Proyecto Migraciones de la Parroquia de Zacualpa (Quich\u00e9), y el Instituto Guatemalteco de Educaci\u00f3n Radiof\u00f3nica (IGER). Las tres \u00faltimas no son obras de la Compa\u00f1\u00eda de Jes\u00fas, sin embargo, siempre han sido organizaciones aliadas y en este momento se coordinan dentro de esta Red.&nbsp;<\/p>\n<p>&nbsp;<\/p>\n<p><\/p>\t\t\t\t\t\t\t\t<\/div>\n\t\t\t\t<\/div>\n\t\t\t\t\t<\/div>\n\t\t<\/div>\n\t\t\t\t\t<\/div>\n\t\t<\/section>\n\t\t\t\t<\/div>\n\t\t","protected":false},"excerpt":{"rendered":"<p>La Red Jesuita con Migrantes de Guatemala (RJM) es una articulaci\u00f3n de instituciones de la Compa\u00f1\u00eda de Jes\u00fas que promueve el trabajo comprometido con las personas migrantes, desplazadas, refugiadas y sus familiares; as\u00ed como con otros actores de cambio en la defensa de los derechos de las personas migrantes en [&hellip;]<\/p>\n","protected":false},"author":1,"featured_media":0,"parent":0,"menu_order":0,"comment_status":"closed","ping_status":"closed","template":"","meta":{"_themeisle_gutenberg_block_has_review":false,"_joinchat":[],"footnotes":""},"class_list":["post-2","page","type-page","status-publish","hentry"],"jetpack_sharing_enabled":true,"_links":{"self":[{"href":"https:\/\/rjmguatemala.org\/index.php\/wp-json\/wp\/v2\/pages\/2","targetHints":{"allow":["GET"]}}],"collection":[{"href":"https:\/\/rjmguatemala.org\/index.php\/wp-json\/wp\/v2\/pages"}],"about":[{"href":"https:\/\/rjmguatemala.org\/index.php\/wp-json\/wp\/v2\/types\/page"}],"author":[{"embeddable":true,"href":"https:\/\/rjmguatemala.org\/index.php\/wp-json\/wp\/v2\/users\/1"}],"replies":[{"embeddable":true,"href":"https:\/\/rjmguatemala.org\/index.php\/wp-json\/wp\/v2\/comments?post=2"}],"version-history":[{"count":7,"href":"https:\/\/rjmguatemala.org\/index.php\/wp-json\/wp\/v2\/pages\/2\/revisions"}],"predecessor-version":[{"id":101,"href":"https:\/\/rjmguatemala.org\/index.php\/wp-json\/wp\/v2\/pages\/2\/revisions\/101"}],"wp:attachment":[{"href":"https:\/\/rjmguatemala.org\/index.php\/wp-json\/wp\/v2\/media?parent=2"}],"curies":[{"name":"wp","href":"https:\/\/api.w.org\/{rel}","templated":true}]}}