{"id":348,"date":"2023-04-23T04:19:19","date_gmt":"2023-04-23T04:19:19","guid":{"rendered":"https:\/\/rjmguatemala.org\/?page_id=348"},"modified":"2023-04-28T05:46:22","modified_gmt":"2023-04-28T05:46:22","slug":"aliados","status":"publish","type":"page","link":"https:\/\/rjmguatemala.org\/index.php\/aliados\/","title":{"rendered":"ESPACIOS DE INCIDENCIA Y ARTICULACIONES CON OTRAS REDES."},"content":{"rendered":"<p style=\"font-weight: 400; text-align: center;\">La Red Jesuita con Migrantes (RJM) funciona en Guatemala desde el a\u00f1o 2003 como una coordinaci\u00f3n de organizaciones de la Compa\u00f1\u00eda de Jes\u00fas en favor de migrantes y refugiados. Sus tres dimensiones prioritarias pretenden ACOMPA\u00d1AR migrantes y familiares de migrantes, INVESTIGAR las causas de la acelerada migraci\u00f3n en la regi\u00f3n y de las violaciones a los derechos humanos de migrantes y refugiados, para TRANSFORMAR las condiciones pol\u00edticas y culturales que impiden el derecho a migrar y da\u00f1an la dignidad humana de grupos vulnerables en la regi\u00f3n centroamericana, en una crisis humanitaria que por ser estructural y cr\u00f3nica ya est\u00e1 olvidada. Desde el inicio del fen\u00f3meno de las caravanas de migrantes (octubre de 2018) la RJM ha ayudado haci\u00e9ndose presente de diversas maneras: dos albergues de la RJM (Ixc\u00e1n y Frontera Comalapa); otros de organizaciones aliadas que apoyamos en campa\u00f1as (Esquipulas, El Ceibo).<\/p>\n<p style=\"font-weight: 400; text-align: center;\"><span>\u00a0<\/span><\/p>\n<p style=\"font-weight: 400; text-align: center;\"><span>La RJM-Guatemala adem\u00e1s de formar parte de la RJM mundial, <strong>presente en m\u00e1s de 50 pa\u00edses<\/strong>, y sus redes de incidencia en niveles escalados (RJM-CA, Centroam\u00e9rica; RJM-CANA, Centroam\u00e9rica-Norteam\u00e9rica; y RJM-LAC, Latinoam\u00e9rica) tambi\u00e9n forma parte de distintos <strong>espacios de incidencia y proyecci\u00f3n<\/strong> a nivel nacional y regional. Entre ellos es relevante mencionar:\u00a0 <\/span><\/p>\n<ul>\n<li>Grupo Articulador de la Sociedad Civil en Materia Migratoria (nivel nacional)<\/li>\n<li>Grupo sobre Desplazamiento Forzado (nivel nacional)<\/li>\n<li>Iniciativa Causas Ra\u00edz (nivel regional)<\/li>\n<li>Red Regional de Protecci\u00f3n (nivel regional)<\/li>\n<li>Asamblea PMH (Pastoral de Movilidad Humana) y CLAMOR (nivel nacional y regional)<\/li>\n<\/ul>\n","protected":false},"excerpt":{"rendered":"<p>La Red Jesuita con Migrantes (RJM) funciona en Guatemala desde el a\u00f1o 2003 como una coordinaci\u00f3n de organizaciones de la Compa\u00f1\u00eda de Jes\u00fas en favor de migrantes y refugiados. Sus tres dimensiones prioritarias pretenden ACOMPA\u00d1AR migrantes y familiares de migrantes, INVESTIGAR las causas de la acelerada migraci\u00f3n en la regi\u00f3n [&hellip;]<\/p>\n","protected":false},"author":1,"featured_media":0,"parent":0,"menu_order":0,"comment_status":"closed","ping_status":"closed","template":"","meta":{"_themeisle_gutenberg_block_has_review":false,"_joinchat":[],"footnotes":""},"class_list":["post-348","page","type-page","status-publish","hentry"],"jetpack_sharing_enabled":true,"_links":{"self":[{"href":"https:\/\/rjmguatemala.org\/index.php\/wp-json\/wp\/v2\/pages\/348","targetHints":{"allow":["GET"]}}],"collection":[{"href":"https:\/\/rjmguatemala.org\/index.php\/wp-json\/wp\/v2\/pages"}],"about":[{"href":"https:\/\/rjmguatemala.org\/index.php\/wp-json\/wp\/v2\/types\/page"}],"author":[{"embeddable":true,"href":"https:\/\/rjmguatemala.org\/index.php\/wp-json\/wp\/v2\/users\/1"}],"replies":[{"embeddable":true,"href":"https:\/\/rjmguatemala.org\/index.php\/wp-json\/wp\/v2\/comments?post=348"}],"version-history":[{"count":4,"href":"https:\/\/rjmguatemala.org\/index.php\/wp-json\/wp\/v2\/pages\/348\/revisions"}],"predecessor-version":[{"id":399,"href":"https:\/\/rjmguatemala.org\/index.php\/wp-json\/wp\/v2\/pages\/348\/revisions\/399"}],"wp:attachment":[{"href":"https:\/\/rjmguatemala.org\/index.php\/wp-json\/wp\/v2\/media?parent=348"}],"curies":[{"name":"wp","href":"https:\/\/api.w.org\/{rel}","templated":true}]}}